{"id":2,"date":"2016-04-04T12:42:10","date_gmt":"2016-04-04T10:42:10","guid":{"rendered":"http:\/\/www.theqbtpost.com\/?page_id=2"},"modified":"2016-08-22T18:45:23","modified_gmt":"2016-08-22T16:45:23","slug":"pagina-di-esempio","status":"publish","type":"page","link":"https:\/\/www.theqbtpost.com\/?page_id=2","title":{"rendered":"La sentiment analysis"},"content":{"rendered":"<p>La sentiment analysis \u00e8 uno strumento di indagine che consente di comprendere le opinioni, gli umori, i punti di vista esistenti sui social network (qui l&#8217;attenzione \u00e8 su Twitter).<\/p>\n<p><strong>Quando e perch\u00e9\u00a0<\/strong><\/p>\n<ul>\n<li>Quandovuoi\u00a0comprendere il grado di allineamento tra le\u00a0tue\u00a0idee\u00a0\u00a0e l&#8217;idee degli altri<\/li>\n<li>Per capire l&#8217;opinione che una <em>certa parte popolazione<\/em> ha su un <em>certo argomento<\/em><\/li>\n<li>Per individuare l&#8217;esistenza di valori o dimensioni che possono essere considerati centrali nella\u00a0nostra societ\u00e0.<\/li>\n<li>O pi\u00f9 semplicemente per cercare di capire di pi\u00f9 la realt\u00e0 dove vivi<\/li>\n<\/ul>\n<p><strong>Come<\/strong><\/p>\n<p><b>Twitter Opinion Dynamic<\/b> \u00e8 il \u00a0nostro\u00a0algoritmo di analisi dei Tweet il cui scopo \u00e8 estrarre l&#8217;opinione degli utenti di Twitter su determinati argomenti attraverso la sentiment analysis.<\/p>\n<p>I vantaggi di questo approccio risiedono nell&#8217;elevata rapidit\u00e0 e reattivit\u00e0 (la fonte \u00e8 il web) con cui si possono studiare e monitorare gli effetti degli eventi studiati ed in particolare:<\/p>\n<ol>\n<li>Pu\u00f2 essere eseguita in qualsiasi momento rapidamente;<\/li>\n<li>Il sistema viene addestrato una sola volta con tempi estremamente ridotti e direttamente dall&#8217;utente anche non esperto di statistica ma esperto di \u201cquello che vuole monitorare\u201d;<\/li>\n<li>Non si analizza un campione ma l&#8217;opinione \u201cemergente\u201d dall\u2019analisi delle fonti, sia che si tratti di fonti mediate (giornali) che non mediate (blog, forum ecc);<\/li>\n<li>\u00c8 obbiettiva perch\u00e9 non pone domande ma rimane \u201cin ascolto\u201d.<\/li>\n<\/ol>\n<p>Fondamentale nel nostro approccio \u00e8 lo studio dell&#8217;utente di internet che posta contenuti sul web: rispetto al sondaggio infatti lo studio di internet \u00e8 affetto da un&#8217;intrinseca carenza di copertura nel campionamento in quanto ad esempio non tutte le categorie sociali accedono al web con numeri adeguati a generare una corretta rappresentativit\u00e0. Attraverso la nostra Sentiment Analysis vengono quindi opportunamente categorizzati gli utenti del web e successivamente ne vengono analizzate le opinioni al fine di produrre analisi di Opinion Dynamic, che spaziano dalla politica alla comprensione dei fenomeni sociali o delle tendenza di mercato.<\/p>\n<p>Potete registrarvi al sistema ed accedere a una versione light del nostro software per poter effettuare analisi di sentiment in autonomia.<\/p>\n<p style=\"text-align: center;\"><strong><a href=\"www.tody.it\">www.tody.it<\/a><\/strong><\/p>\n","protected":false},"excerpt":{"rendered":"<p>La sentiment analysis \u00e8 uno strumento di indagine che consente di comprendere le opinioni, gli umori, i punti di vista esistenti sui social network (qui l&#8217;attenzione \u00e8 su Twitter). Quando e perch\u00e9\u00a0 Quandovuoi\u00a0comprendere il grado di allineamento tra le\u00a0tue\u00a0idee\u00a0\u00a0e l&#8217;idee degli altri Per capire l&#8217;opinione che una certa parte popolazione ha su un certo argomento &hellip; <a href=\"https:\/\/www.theqbtpost.com\/?page_id=2\" class=\"more-link\">Leggi tutto<span class=\"screen-reader-text\"> &#8220;La sentiment analysis&#8221;<\/span><\/a><\/p>\n","protected":false},"author":2,"featured_media":0,"parent":0,"menu_order":0,"comment_status":"closed","ping_status":"closed","template":"","meta":{"footnotes":""},"class_list":["post-2","page","type-page","status-publish","hentry"],"_links":{"self":[{"href":"https:\/\/www.theqbtpost.com\/index.php?rest_route=\/wp\/v2\/pages\/2","targetHints":{"allow":["GET"]}}],"collection":[{"href":"https:\/\/www.theqbtpost.com\/index.php?rest_route=\/wp\/v2\/pages"}],"about":[{"href":"https:\/\/www.theqbtpost.com\/index.php?rest_route=\/wp\/v2\/types\/page"}],"author":[{"embeddable":true,"href":"https:\/\/www.theqbtpost.com\/index.php?rest_route=\/wp\/v2\/users\/2"}],"replies":[{"embeddable":true,"href":"https:\/\/www.theqbtpost.com\/index.php?rest_route=%2Fwp%2Fv2%2Fcomments&post=2"}],"version-history":[{"count":1,"href":"https:\/\/www.theqbtpost.com\/index.php?rest_route=\/wp\/v2\/pages\/2\/revisions"}],"predecessor-version":[{"id":97,"href":"https:\/\/www.theqbtpost.com\/index.php?rest_route=\/wp\/v2\/pages\/2\/revisions\/97"}],"wp:attachment":[{"href":"https:\/\/www.theqbtpost.com\/index.php?rest_route=%2Fwp%2Fv2%2Fmedia&parent=2"}],"curies":[{"name":"wp","href":"https:\/\/api.w.org\/{rel}","templated":true}]}}